{"id":1113,"date":"2024-01-24T13:05:08","date_gmt":"2024-01-24T13:05:08","guid":{"rendered":"https:\/\/viennaballhaus.com\/?page_id=1113"},"modified":"2026-01-16T11:58:54","modified_gmt":"2026-01-16T11:58:54","slug":"about","status":"publish","type":"page","link":"https:\/\/viennaballhaus.com\/en\/about\/","title":{"rendered":"About"},"content":{"rendered":"<div data-elementor-type=\"wp-page\" data-elementor-id=\"1113\" class=\"elementor elementor-1113\" data-elementor-post-type=\"page\">\n\t\t\t\t<div class=\"elementor-element elementor-element-302f607c e-flex e-con-boxed e-con e-parent\" data-id=\"302f607c\" data-element_type=\"container\" data-e-type=\"container\" data-settings=\"{&quot;jet_parallax_layout_list&quot;:[]}\">\n\t\t\t\t\t<div class=\"e-con-inner\">\n\t\t<div class=\"elementor-element elementor-element-f1b585a e-flex e-con-boxed e-con e-child\" data-id=\"f1b585a\" data-element_type=\"container\" data-e-type=\"container\" data-settings=\"{&quot;jet_parallax_layout_list&quot;:[]}\">\n\t\t\t\t\t<div class=\"e-con-inner\">\n\t\t\t\t<div class=\"elementor-element elementor-element-2984ea4 elementor-widget elementor-widget-image\" data-id=\"2984ea4\" data-element_type=\"widget\" data-e-type=\"widget\" data-widget_type=\"image.default\">\n\t\t\t\t<div class=\"elementor-widget-container\">\n\t\t\t\t\t\t\t\t\t\t\t\t\t\t\t<img fetchpriority=\"high\" decoding=\"async\" width=\"2200\" height=\"1236\" src=\"https:\/\/viennaballhaus.com\/wp-content\/uploads\/2024\/01\/Viennaballhaus-5.jpg\" class=\"attachment-full size-full wp-image-1142\" alt=\"The professional team from VIENNABallhaus\" srcset=\"https:\/\/viennaballhaus.com\/wp-content\/uploads\/2024\/01\/Viennaballhaus-5.jpg 2200w, https:\/\/viennaballhaus.com\/wp-content\/uploads\/2024\/01\/Viennaballhaus-5-300x169.jpg 300w, https:\/\/viennaballhaus.com\/wp-content\/uploads\/2024\/01\/Viennaballhaus-5-1024x575.jpg 1024w, https:\/\/viennaballhaus.com\/wp-content\/uploads\/2024\/01\/Viennaballhaus-5-768x431.jpg 768w, https:\/\/viennaballhaus.com\/wp-content\/uploads\/2024\/01\/Viennaballhaus-5-1536x863.jpg 1536w, https:\/\/viennaballhaus.com\/wp-content\/uploads\/2024\/01\/Viennaballhaus-5-2048x1151.jpg 2048w\" sizes=\"(max-width: 2200px) 100vw, 2200px\" \/>\t\t\t\t\t\t\t\t\t\t\t\t\t\t\t<\/div>\n\t\t\t\t<\/div>\n\t\t\t\t\t<\/div>\n\t\t\t\t<\/div>\n\t\t\t\t<div class=\"elementor-element elementor-element-43a7e176 elementor-widget elementor-widget-heading\" data-id=\"43a7e176\" data-element_type=\"widget\" data-e-type=\"widget\" data-widget_type=\"heading.default\">\n\t\t\t\t<div class=\"elementor-widget-container\">\n\t\t\t\t\t<h2 class=\"elementor-heading-title elementor-size-default\">about the Dream-Team<\/h2>\t\t\t\t<\/div>\n\t\t\t\t<\/div>\n\t\t\t\t<div class=\"elementor-element elementor-element-5f98502b elementor-widget elementor-widget-text-editor\" data-id=\"5f98502b\" data-element_type=\"widget\" data-e-type=\"widget\" data-widget_type=\"text-editor.default\">\n\t\t\t\t<div class=\"elementor-widget-container\">\n\t\t\t\t\t\t\t\t\t<p class=\"p1\">We are a <strong>passionate community<\/strong>dedicated to the art of event organisation. All share the <strong>Enthusiasm for innovation and excellence<\/strong>. This is what makes a professional and creative team that works with passion and expertise.<\/p><p class=\"p1\">The <strong>VIENNABallhaus team<\/strong> brings a diverse range of skills and experience to the world of event planning. The ability to turn dreams into reality, <strong>Professionalism, reliability and a tireless drive for perfection<\/strong> are our core values. We live for the <strong>details<\/strong> and the <strong>Magic<\/strong>.<\/p><p class=\"p1\">We listen attentively, understand the <strong>Visions of our customers<\/strong> and develop a realisation scenario that conveys their messages in an impressive way.<\/p>\t\t\t\t\t\t\t\t<\/div>\n\t\t\t\t<\/div>\n\t\t\t\t\t<\/div>\n\t\t\t\t<\/div>\n\t\t<div class=\"elementor-element elementor-element-3ccd08c e-flex e-con-boxed e-con e-parent\" data-id=\"3ccd08c\" data-element_type=\"container\" data-e-type=\"container\" data-settings=\"{&quot;jet_parallax_layout_list&quot;:[]}\">\n\t\t\t\t\t<div class=\"e-con-inner\">\n\t\t<div class=\"elementor-element elementor-element-6bab7bf e-con-full e-flex e-con e-child\" data-id=\"6bab7bf\" data-element_type=\"container\" data-e-type=\"container\" data-settings=\"{&quot;jet_parallax_layout_list&quot;:[]}\">\n\t\t<div class=\"elementor-element elementor-element-2b720ba e-flex e-con-boxed e-con e-child\" data-id=\"2b720ba\" data-element_type=\"container\" data-e-type=\"container\" data-settings=\"{&quot;jet_parallax_layout_list&quot;:[]}\">\n\t\t\t\t\t<div class=\"e-con-inner\">\n\t\t\t\t<div class=\"elementor-element elementor-element-05e1c2b elementor-flip-box--effect-flip elementor-flip-box--direction-up elementor-widget elementor-widget-flip-box\" data-id=\"05e1c2b\" data-element_type=\"widget\" data-e-type=\"widget\" data-widget_type=\"flip-box.default\">\n\t\t\t\t<div class=\"elementor-widget-container\">\n\t\t\t\t\t\t\t<div class=\"elementor-flip-box\" tabindex=\"0\">\n\t\t\t<div class=\"elementor-flip-box__layer elementor-flip-box__front\">\n\t\t\t\t<div class=\"elementor-flip-box__layer__overlay\">\n\t\t\t\t\t<div class=\"elementor-flip-box__layer__inner\">\n\t\t\t\t\t\t\n\t\t\t\t\t\t\n\t\t\t\t\t\t\t\t\t\t\t<\/div>\n\t\t\t\t<\/div>\n\t\t\t<\/div>\n\t\t\t<div class=\"elementor-flip-box__layer elementor-flip-box__back\">\n\t\t\t<div class=\"elementor-flip-box__layer__overlay\">\n\t\t\t\t<div class=\"elementor-flip-box__layer__inner\">\n\t\t\t\t\t\t\t\t\t\t\t<h3 class=\"elementor-flip-box__layer__title\">\n\t\t\t\t\t\t\tHannah<br \/>Nine devils\t\t\t\t\t\t<\/h3>\n\t\t\t\t\t\n\t\t\t\t\t\t\t\t\t\t\t<div class=\"elementor-flip-box__layer__description\">\n\t\t\t\t\t\t\tCEO &amp; Mastermind\t\t\t\t\t\t<\/div>\n\t\t\t\t\t\n\t\t\t\t\t\t\t\t<\/div>\n\t\t<\/div>\n\t\t<\/div>\n\t\t<\/div>\n\t\t\t\t\t\t<\/div>\n\t\t\t\t<\/div>\n\t\t\t\t\t<\/div>\n\t\t\t\t<\/div>\n\t\t\t\t<\/div>\n\t\t<div class=\"elementor-element elementor-element-03f920a e-con-full e-flex e-con e-child\" data-id=\"03f920a\" data-element_type=\"container\" data-e-type=\"container\" data-settings=\"{&quot;jet_parallax_layout_list&quot;:[]}\">\n\t\t<a class=\"elementor-element elementor-element-39ffcc2 e-flex e-con-boxed e-con e-child\" data-id=\"39ffcc2\" data-element_type=\"container\" data-e-type=\"container\" data-settings=\"{&quot;jet_parallax_layout_list&quot;:[]}\">\n\t\t\t\t\t<div class=\"e-con-inner\">\n\t\t\t\t<div class=\"elementor-element elementor-element-8568bdb elementor-flip-box--effect-flip elementor-flip-box--direction-up elementor-widget elementor-widget-flip-box\" data-id=\"8568bdb\" data-element_type=\"widget\" data-e-type=\"widget\" data-widget_type=\"flip-box.default\">\n\t\t\t\t<div class=\"elementor-widget-container\">\n\t\t\t\t\t\t\t<div class=\"elementor-flip-box\" tabindex=\"0\">\n\t\t\t<div class=\"elementor-flip-box__layer elementor-flip-box__front\">\n\t\t\t\t<div class=\"elementor-flip-box__layer__overlay\">\n\t\t\t\t\t<div class=\"elementor-flip-box__layer__inner\">\n\t\t\t\t\t\t\n\t\t\t\t\t\t\n\t\t\t\t\t\t\t\t\t\t\t<\/div>\n\t\t\t\t<\/div>\n\t\t\t<\/div>\n\t\t\t<div class=\"elementor-flip-box__layer elementor-flip-box__back\">\n\t\t\t<div class=\"elementor-flip-box__layer__overlay\">\n\t\t\t\t<div class=\"elementor-flip-box__layer__inner\">\n\t\t\t\t\t\t\t\t\t\t\t<h3 class=\"elementor-flip-box__layer__title\">\n\t\t\t\t\t\t\tMartin Sommerbauer\t\t\t\t\t\t<\/h3>\n\t\t\t\t\t\n\t\t\t\t\t\t\t\t\t\t\t<div class=\"elementor-flip-box__layer__description\">\n\t\t\t\t\t\t\tSales &amp; project support\t\t\t\t\t\t<\/div>\n\t\t\t\t\t\n\t\t\t\t\t\t\t\t<\/div>\n\t\t<\/div>\n\t\t<\/div>\n\t\t<\/div>\n\t\t\t\t\t\t<\/div>\n\t\t\t\t<\/div>\n\t\t\t\t\t<\/div>\n\t\t\t\t<\/a>\n\t\t\t\t<\/div>\n\t\t<div class=\"elementor-element elementor-element-abb5d98 e-con-full e-flex e-con e-child\" data-id=\"abb5d98\" data-element_type=\"container\" data-e-type=\"container\" data-settings=\"{&quot;jet_parallax_layout_list&quot;:[]}\">\n\t\t<a class=\"elementor-element elementor-element-326b094 e-flex e-con-boxed e-con e-child\" data-id=\"326b094\" data-element_type=\"container\" data-e-type=\"container\" data-settings=\"{&quot;jet_parallax_layout_list&quot;:[]}\">\n\t\t\t\t\t<div class=\"e-con-inner\">\n\t\t\t\t<div class=\"elementor-element elementor-element-6776a60 elementor-flip-box--effect-flip elementor-flip-box--direction-up elementor-widget elementor-widget-flip-box\" data-id=\"6776a60\" data-element_type=\"widget\" data-e-type=\"widget\" data-widget_type=\"flip-box.default\">\n\t\t\t\t<div class=\"elementor-widget-container\">\n\t\t\t\t\t\t\t<div class=\"elementor-flip-box\" tabindex=\"0\">\n\t\t\t<div class=\"elementor-flip-box__layer elementor-flip-box__front\">\n\t\t\t\t<div class=\"elementor-flip-box__layer__overlay\">\n\t\t\t\t\t<div class=\"elementor-flip-box__layer__inner\">\n\t\t\t\t\t\t\n\t\t\t\t\t\t\n\t\t\t\t\t\t\t\t\t\t\t<\/div>\n\t\t\t\t<\/div>\n\t\t\t<\/div>\n\t\t\t<div class=\"elementor-flip-box__layer elementor-flip-box__back\">\n\t\t\t<div class=\"elementor-flip-box__layer__overlay\">\n\t\t\t\t<div class=\"elementor-flip-box__layer__inner\">\n\t\t\t\t\t\t\t\t\t\t\t<h3 class=\"elementor-flip-box__layer__title\">\n\t\t\t\t\t\t\tAmelie Wellenhofer\t\t\t\t\t\t<\/h3>\n\t\t\t\t\t\n\t\t\t\t\t\t\t\t\t\t\t<div class=\"elementor-flip-box__layer__description\">\n\t\t\t\t\t\t\tSales &amp; project support\t\t\t\t\t\t<\/div>\n\t\t\t\t\t\n\t\t\t\t\t\t\t\t<\/div>\n\t\t<\/div>\n\t\t<\/div>\n\t\t<\/div>\n\t\t\t\t\t\t<\/div>\n\t\t\t\t<\/div>\n\t\t\t\t\t<\/div>\n\t\t\t\t<\/a>\n\t\t\t\t<\/div>\n\t\t\t\t\t<\/div>\n\t\t\t\t<\/div>\n\t\t<div class=\"elementor-element elementor-element-94f38ae e-flex e-con-boxed e-con e-parent\" data-id=\"94f38ae\" data-element_type=\"container\" data-e-type=\"container\" data-settings=\"{&quot;jet_parallax_layout_list&quot;:[]}\">\n\t\t\t\t\t<div class=\"e-con-inner\">\n\t\t\t\t<div class=\"elementor-element elementor-element-0ae8386 elementor-widget elementor-widget-text-editor\" data-id=\"0ae8386\" data-element_type=\"widget\" data-e-type=\"widget\" data-widget_type=\"text-editor.default\">\n\t\t\t\t<div class=\"elementor-widget-container\">\n\t\t\t\t\t\t\t\t\t<p>And lots of helping hands and busy bees!<\/p>\t\t\t\t\t\t\t\t<\/div>\n\t\t\t\t<\/div>\n\t\t\t\t\t<\/div>\n\t\t\t\t<\/div>\n\t\t<div class=\"elementor-element elementor-element-0536df6 e-flex e-con-boxed e-con e-parent\" data-id=\"0536df6\" data-element_type=\"container\" data-e-type=\"container\" data-settings=\"{&quot;jet_parallax_layout_list&quot;:[]}\">\n\t\t\t\t\t<div class=\"e-con-inner\">\n\t\t\t\t<div class=\"elementor-element elementor-element-ecccaa4 elementor-hidden-desktop elementor-hidden-tablet elementor-widget-divider--view-line elementor-widget elementor-widget-divider\" data-id=\"ecccaa4\" data-element_type=\"widget\" data-e-type=\"widget\" data-widget_type=\"divider.default\">\n\t\t\t\t<div class=\"elementor-widget-container\">\n\t\t\t\t\t\t\t<div class=\"elementor-divider\">\n\t\t\t<span class=\"elementor-divider-separator\">\n\t\t\t\t\t\t<\/span>\n\t\t<\/div>\n\t\t\t\t\t\t<\/div>\n\t\t\t\t<\/div>\n\t\t\t\t\t<\/div>\n\t\t\t\t<\/div>\n\t\t<div class=\"elementor-element elementor-element-f3affb0 e-flex e-con-boxed e-con e-parent\" data-id=\"f3affb0\" data-element_type=\"container\" data-e-type=\"container\" data-settings=\"{&quot;jet_parallax_layout_list&quot;:[]}\">\n\t\t\t\t\t<div class=\"e-con-inner\">\n\t\t\t\t<div class=\"elementor-element elementor-element-9fb3694 elementor-widget elementor-widget-image\" data-id=\"9fb3694\" data-element_type=\"widget\" data-e-type=\"widget\" data-settings=\"{&quot;motion_fx_motion_fx_mouse&quot;:&quot;yes&quot;}\" data-widget_type=\"image.default\">\n\t\t\t\t<div class=\"elementor-widget-container\">\n\t\t\t\t\t\t\t\t\t\t\t\t\t\t\t\t<a href=\"https:\/\/viennaballhaus.com\/en\/\">\n\t\t\t\t\t\t\t<img decoding=\"async\" width=\"895\" height=\"514\" src=\"https:\/\/viennaballhaus.com\/wp-content\/uploads\/2025\/02\/VIENNABallhaus_Icon_bt.png\" class=\"attachment-full size-full wp-image-5209\" alt=\"\" srcset=\"https:\/\/viennaballhaus.com\/wp-content\/uploads\/2025\/02\/VIENNABallhaus_Icon_bt.png 895w, https:\/\/viennaballhaus.com\/wp-content\/uploads\/2025\/02\/VIENNABallhaus_Icon_bt-300x172.png 300w, https:\/\/viennaballhaus.com\/wp-content\/uploads\/2025\/02\/VIENNABallhaus_Icon_bt-768x441.png 768w, https:\/\/viennaballhaus.com\/wp-content\/uploads\/2025\/02\/VIENNABallhaus_Icon_bt-18x10.png 18w\" sizes=\"(max-width: 895px) 100vw, 895px\" \/>\t\t\t\t\t\t\t\t<\/a>\n\t\t\t\t\t\t\t\t\t\t\t\t\t\t\t<\/div>\n\t\t\t\t<\/div>\n\t\t\t\t<div class=\"elementor-element elementor-element-3e4ef10 elementor-widget elementor-widget-heading\" data-id=\"3e4ef10\" data-element_type=\"widget\" data-e-type=\"widget\" data-widget_type=\"heading.default\">\n\t\t\t\t<div class=\"elementor-widget-container\">\n\t\t\t\t\t<h2 class=\"elementor-heading-title elementor-size-default\">Contact &amp; Directions<\/h2>\t\t\t\t<\/div>\n\t\t\t\t<\/div>\n\t\t\t\t\t<\/div>\n\t\t\t\t<\/div>\n\t\t<div class=\"elementor-element elementor-element-c122016 e-flex e-con-boxed e-con e-parent\" data-id=\"c122016\" data-element_type=\"container\" data-e-type=\"container\" data-settings=\"{&quot;jet_parallax_layout_list&quot;:[]}\">\n\t\t\t\t\t<div class=\"e-con-inner\">\n\t\t\t\t<div class=\"elementor-element elementor-element-108ce1d elementor-widget elementor-widget-text-editor\" data-id=\"108ce1d\" data-element_type=\"widget\" data-e-type=\"widget\" data-widget_type=\"text-editor.default\">\n\t\t\t\t<div class=\"elementor-widget-container\">\n\t\t\t\t\t\t\t\t\t<h4 style=\"text-align: center;\"><span style=\"color: #1a1537;\">BEST LOCATION IN THE HEART OF VIENNA<\/span><\/h4><p class=\"\"><span style=\"color: #1a1537;\">BERGGASSE 5 | 1090 VIENNA<\/span><\/p><p><span style=\"color: #1a1537;\">Tel: 01 310 5555<\/span><\/p><p>mail: <a href=\"mailto:booking@viennaballhaus.com\"><span style=\"text-decoration: underline;\">booking@viennaballhaus.com<\/span><\/a><\/p><p><span style=\"color: #1a1537;\">The <strong>VIENNABallhaus,<\/strong> next to the Votive Church in the 9th district and close to the Ringstrasse, is only a few minutes' walk from the city centre.<\/span><\/p><p><span style=\"color: #1a1537;\">Also easily accessible with the Vienna public transport network:<strong><br \/>U2, U4 <\/strong>- Schottentor station <\/span><br \/><span style=\"color: #1a1537;\"><strong>Tramway<\/strong> 37, 38, 40, 41, or 42 - Schwarzspanierstra\u00dfe station<\/span><\/p><p><span style=\"color: #1a1537;\">By car:<strong><br \/><\/strong><span style=\"text-decoration: underline;\"><a style=\"color: #1a1537; text-decoration: underline;\" href=\"https:\/\/www.bestinparking.com\/de\/at\/garage\/garage-bauernfeldplatz\" target=\"_blank\" rel=\"noopener\"><strong>Garage Bauernfeldplatz<\/strong><\/a><\/span> - Bauernfeldplatz, 1090 Vienna <\/span><br \/><span style=\"color: #1a1537;\"><span style=\"text-decoration: underline;\"><a style=\"color: #1a1537; text-decoration: underline;\" href=\"https:\/\/www.wipark.at\/standorte\/9-bezirk\/votivpark\" target=\"_blank\" rel=\"noopener\"><strong>Votive garage<\/strong><\/a><\/span> - Universit\u00e4tsstra\u00dfe, 1090 Vienna<\/span><\/p><p><strong><span style=\"text-decoration: underline;\"><a href=\"https:\/\/www.google.com\/maps\/place\/ViENNABallhaus\/@48.2176352,16.3601342,3a,75y,327.27h,87.4t\/data=!3m7!1e1!3m5!1sAF1QipNFYcRUmW_kEAtKw32f89sjdjsR1CfO_yissmXh!2e10!6s%2F%2Flh5.ggpht.com%2Fp%2FAF1QipNFYcRUmW_kEAtKw32f89sjdjsR1CfO_yissmXh%3Dw900-h600-k-no-pi2.6025967284977867-ya81.38037767454244-ro0-fo100!7i12000!8i6000!4m9!3m8!1s0x476d07b930ce1c4d:0xfb608cfad2520ce2!8m2!3d48.2176435!4d16.3601399!10e5!14m1!1BCgIgARICGAI!16s%2Fg%2F11btwt05gf?coh=205410&amp;entry=ttu&amp;g_ep=EgoyMDI0MDkyNS4wIKXMDSoASAFQAw%3D%3D\" target=\"_blank\" rel=\"noopener\">Virtual tour<\/a><\/span><\/strong><\/p>\t\t\t\t\t\t\t\t<\/div>\n\t\t\t\t<\/div>\n\t\t\t\t<div class=\"elementor-element elementor-element-b81172b elementor-widget elementor-widget-google_maps\" data-id=\"b81172b\" data-element_type=\"widget\" data-e-type=\"widget\" data-widget_type=\"google_maps.default\">\n\t\t\t\t<div class=\"elementor-widget-container\">\n\t\t\t\t\t\t\t<div class=\"elementor-custom-embed\">\n\t\t\t<iframe loading=\"lazy\"\n\t\t\t\t\tsrc=\"https:\/\/maps.google.com\/maps?q=Vienna%20Ballhaus&#038;t=m&#038;z=13&#038;output=embed&#038;iwloc=near\"\n\t\t\t\t\ttitle=\"Vienna Ballhaus\"\n\t\t\t\t\taria-label=\"Vienna Ballhaus\"\n\t\t\t><\/iframe>\n\t\t<\/div>\n\t\t\t\t\t\t<\/div>\n\t\t\t\t<\/div>\n\t\t\t\t\t<\/div>\n\t\t\t\t<\/div>\n\t\t<div class=\"elementor-element elementor-element-361b576 e-flex e-con-boxed e-con e-parent\" data-id=\"361b576\" data-element_type=\"container\" data-e-type=\"container\" data-settings=\"{&quot;jet_parallax_layout_list&quot;:[]}\">\n\t\t\t\t\t<div class=\"e-con-inner\">\n\t\t\t\t<div class=\"elementor-element elementor-element-113a7be elementor-widget elementor-widget-text-editor\" data-id=\"113a7be\" data-element_type=\"widget\" data-e-type=\"widget\" data-widget_type=\"text-editor.default\">\n\t\t\t\t<div class=\"elementor-widget-container\">\n\t\t\t\t\t\t\t\t\t<p class=\"p1\" style=\"text-align: center;\">On our website you will find <b>none<\/b> AI-generated photos, only real memories...<\/p>\t\t\t\t\t\t\t\t<\/div>\n\t\t\t\t<\/div>\n\t\t\t\t\t<\/div>\n\t\t\t\t<\/div>\n\t\t\t\t<\/div>","protected":false},"excerpt":{"rendered":"<p>about the Dream-Team Wir sind eine leidenschaftliche Gemeinschaft, die sich der Kunst der Eventgestaltung verschrieben hat. Alle teilen die Begeisterung f\u00fcr Innovation und Exzellenz. Das macht ein professionelles und kreatives Team aus, das mit Herzblut und Expertise arbeitet. Das VIENNABallhaus-Team bringt eine vielf\u00e4ltige Palette an F\u00e4higkeiten und Erfahrungen in die Welt der Veranstaltungsplanung. Die F\u00e4higkeit, [&hellip;]<\/p>\n","protected":false},"author":2,"featured_media":1424,"parent":0,"menu_order":0,"comment_status":"closed","ping_status":"closed","template":"elementor_header_footer","meta":{"footnotes":""},"class_list":["post-1113","page","type-page","status-publish","has-post-thumbnail","hentry"],"_links":{"self":[{"href":"https:\/\/viennaballhaus.com\/en\/wp-json\/wp\/v2\/pages\/1113","targetHints":{"allow":["GET"]}}],"collection":[{"href":"https:\/\/viennaballhaus.com\/en\/wp-json\/wp\/v2\/pages"}],"about":[{"href":"https:\/\/viennaballhaus.com\/en\/wp-json\/wp\/v2\/types\/page"}],"author":[{"embeddable":true,"href":"https:\/\/viennaballhaus.com\/en\/wp-json\/wp\/v2\/users\/2"}],"replies":[{"embeddable":true,"href":"https:\/\/viennaballhaus.com\/en\/wp-json\/wp\/v2\/comments?post=1113"}],"version-history":[{"count":154,"href":"https:\/\/viennaballhaus.com\/en\/wp-json\/wp\/v2\/pages\/1113\/revisions"}],"predecessor-version":[{"id":6525,"href":"https:\/\/viennaballhaus.com\/en\/wp-json\/wp\/v2\/pages\/1113\/revisions\/6525"}],"wp:featuredmedia":[{"embeddable":true,"href":"https:\/\/viennaballhaus.com\/en\/wp-json\/wp\/v2\/media\/1424"}],"wp:attachment":[{"href":"https:\/\/viennaballhaus.com\/en\/wp-json\/wp\/v2\/media?parent=1113"}],"curies":[{"name":"wp","href":"https:\/\/api.w.org\/{rel}","templated":true}]}}