{"id":870,"date":"2024-01-22T23:35:52","date_gmt":"2024-01-22T23:35:52","guid":{"rendered":"https:\/\/viennaballhaus.com\/?page_id=870"},"modified":"2026-03-30T10:03:32","modified_gmt":"2026-03-30T10:03:32","slug":"enquiry","status":"publish","type":"page","link":"https:\/\/viennaballhaus.com\/en\/anfrage\/","title":{"rendered":"Enquiry"},"content":{"rendered":"\t\t<div data-elementor-type=\"wp-page\" data-elementor-id=\"870\" class=\"elementor elementor-870\" data-elementor-post-type=\"page\">\n\t\t\t\t<div class=\"elementor-element elementor-element-6321fe9 e-flex e-con-boxed e-con e-parent\" data-id=\"6321fe9\" data-element_type=\"container\" data-e-type=\"container\" data-settings=\"{&quot;jet_parallax_layout_list&quot;:[]}\">\n\t\t\t\t\t<div class=\"e-con-inner\">\n\t\t\t\t<div class=\"elementor-element elementor-element-9b95365 elementor-widget elementor-widget-heading\" data-id=\"9b95365\" data-element_type=\"widget\" data-e-type=\"widget\" data-widget_type=\"heading.default\">\n\t\t\t\t<div class=\"elementor-widget-container\">\n\t\t\t\t\t<h2 class=\"elementor-heading-title elementor-size-default\">unverbindliche Anfrage <\/h2>\t\t\t\t<\/div>\n\t\t\t\t<\/div>\n\t\t\t\t\t<\/div>\n\t\t\t\t<\/div>\n\t\t<div class=\"elementor-element elementor-element-b06f7e7 e-flex e-con-boxed e-con e-parent\" data-id=\"b06f7e7\" data-element_type=\"container\" data-e-type=\"container\" data-settings=\"{&quot;jet_parallax_layout_list&quot;:[]}\">\n\t\t\t\t\t<div class=\"e-con-inner\">\n\t\t\t\t<div class=\"elementor-element elementor-element-9695ec4 elementor-widget elementor-widget-text-editor\" data-id=\"9695ec4\" data-element_type=\"widget\" data-e-type=\"widget\" data-widget_type=\"text-editor.default\">\n\t\t\t\t<div class=\"elementor-widget-container\">\n\t\t\t\t\t\t\t\t\t<p>Von <strong>J\u00e4nner bis April<\/strong> gibt es f\u00fcr alle Firmen-Events, Fotoshootings, Pressekonferenzen, Familienfeste, Hochzeiten und Geburtstagsfeiern <strong>40% Erm\u00e4ssigung<\/strong> (ab 4h) auf die Saalmiete!<\/p>\t\t\t\t\t\t\t\t<\/div>\n\t\t\t\t<\/div>\n\t\t\t\t\t<\/div>\n\t\t\t\t<\/div>\n\t\t<div class=\"elementor-element elementor-element-35abc38d e-flex e-con-boxed e-con e-parent\" data-id=\"35abc38d\" data-element_type=\"container\" data-e-type=\"container\" data-settings=\"{&quot;jet_parallax_layout_list&quot;:[]}\">\n\t\t\t\t\t<div class=\"e-con-inner\">\n\t\t\t\t<div class=\"elementor-element elementor-element-d44a996 elementor-button-align-stretch elementor-widget elementor-widget-form\" data-id=\"d44a996\" data-element_type=\"widget\" data-e-type=\"widget\" data-settings=\"{&quot;step_next_label&quot;:&quot;N\\u00e4chster&quot;,&quot;step_previous_label&quot;:&quot;Voriger&quot;,&quot;button_width&quot;:&quot;100&quot;,&quot;step_type&quot;:&quot;number_text&quot;,&quot;step_icon_shape&quot;:&quot;circle&quot;}\" data-widget_type=\"form.default\">\n\t\t\t\t<div class=\"elementor-widget-container\">\n\t\t\t\t\t\t\t<form class=\"elementor-form\" method=\"post\" name=\"Anfrage Ballhaus Neu\" aria-label=\"Anfrage Ballhaus Neu\">\n\t\t\t<input type=\"hidden\" name=\"post_id\" value=\"870\"\/>\n\t\t\t<input type=\"hidden\" name=\"form_id\" value=\"d44a996\"\/>\n\t\t\t<input type=\"hidden\" name=\"referer_title\" value=\"VIENNABallhaus | schicken Sie Ihre unverbindliche Anfrage\" \/>\n\n\t\t\t\t\t\t\t<input type=\"hidden\" name=\"queried_id\" value=\"870\"\/>\n\t\t\t\n\t\t\t<div class=\"elementor-form-fields-wrapper elementor-labels-\">\n\t\t\t\t\t\t\t\t<div class=\"elementor-field-type-text elementor-field-group elementor-column elementor-field-group-wunschdatum elementor-col-100 elementor-field-required\">\n\t\t\t\t\t\t\t\t\t\t\t\t<label for=\"form-field-wunschdatum\" class=\"elementor-field-label elementor-screen-only\">\n\t\t\t\t\t\t\t\tDatum\t\t\t\t\t\t\t<\/label>\n\t\t\t\t\t\t\t\t\t\t\t\t\t\t<input size=\"1\" type=\"text\" name=\"form_fields[wunschdatum]\" id=\"form-field-wunschdatum\" class=\"elementor-field elementor-size-md  elementor-field-textual\" placeholder=\"Wunschdatum Ihrer Veranstaltung\" required=\"required\">\n\t\t\t\t\t\t\t\t\t\t\t<\/div>\n\t\t\t\t\t\t\t\t<div class=\"elementor-field-type-number elementor-field-group elementor-column elementor-field-group-Gestezahl elementor-col-100 elementor-field-required\">\n\t\t\t\t\t\t\t\t\t\t\t\t<label for=\"form-field-Gestezahl\" class=\"elementor-field-label elementor-screen-only\">\n\t\t\t\t\t\t\t\tG\u00e4stezahl\t\t\t\t\t\t\t<\/label>\n\t\t\t\t\t\t\t\t\t<input type=\"number\" name=\"form_fields[Gestezahl]\" id=\"form-field-Gestezahl\" class=\"elementor-field elementor-size-md  elementor-field-textual\" placeholder=\"erwartete G\u00e4steanzahl\" required=\"required\" min=\"\" max=\"\" >\n\t\t\t\t\t\t<\/div>\n\t\t\t\t\t\t\t\t<div class=\"elementor-field-type-text elementor-field-group elementor-column elementor-field-group-Vorname elementor-col-100 elementor-field-required\">\n\t\t\t\t\t\t\t\t\t\t\t\t<label for=\"form-field-Vorname\" class=\"elementor-field-label elementor-screen-only\">\n\t\t\t\t\t\t\t\tVorname\t\t\t\t\t\t\t<\/label>\n\t\t\t\t\t\t\t\t\t\t\t\t\t\t<input size=\"1\" type=\"text\" name=\"form_fields[Vorname]\" id=\"form-field-Vorname\" class=\"elementor-field elementor-size-md  elementor-field-textual\" placeholder=\"Vorname\" required=\"required\">\n\t\t\t\t\t\t\t\t\t\t\t<\/div>\n\t\t\t\t\t\t\t\t<div class=\"elementor-field-type-text elementor-field-group elementor-column elementor-field-group-Zuname elementor-col-100 elementor-field-required\">\n\t\t\t\t\t\t\t\t\t\t\t\t<label for=\"form-field-Zuname\" class=\"elementor-field-label elementor-screen-only\">\n\t\t\t\t\t\t\t\tZuname\t\t\t\t\t\t\t<\/label>\n\t\t\t\t\t\t\t\t\t\t\t\t\t\t<input size=\"1\" type=\"text\" name=\"form_fields[Zuname]\" id=\"form-field-Zuname\" class=\"elementor-field elementor-size-md  elementor-field-textual\" placeholder=\"Zuname\" required=\"required\">\n\t\t\t\t\t\t\t\t\t\t\t<\/div>\n\t\t\t\t\t\t\t\t<div class=\"elementor-field-type-email elementor-field-group elementor-column elementor-field-group-email elementor-col-100 elementor-field-required\">\n\t\t\t\t\t\t\t\t\t\t\t\t<label for=\"form-field-email\" class=\"elementor-field-label elementor-screen-only\">\n\t\t\t\t\t\t\t\tEmail\t\t\t\t\t\t\t<\/label>\n\t\t\t\t\t\t\t\t\t\t\t\t\t\t<input size=\"1\" type=\"email\" name=\"form_fields[email]\" id=\"form-field-email\" class=\"elementor-field elementor-size-md  elementor-field-textual\" placeholder=\"Ihre Email\" required=\"required\">\n\t\t\t\t\t\t\t\t\t\t\t<\/div>\n\t\t\t\t\t\t\t\t<div class=\"elementor-field-type-tel elementor-field-group elementor-column elementor-field-group-Telefon elementor-col-100 elementor-field-required\">\n\t\t\t\t\t\t\t\t\t\t\t\t<label for=\"form-field-Telefon\" class=\"elementor-field-label elementor-screen-only\">\n\t\t\t\t\t\t\t\tTelefon\t\t\t\t\t\t\t<\/label>\n\t\t\t\t\t\t\t\t<input size=\"1\" type=\"tel\" name=\"form_fields[Telefon]\" id=\"form-field-Telefon\" class=\"elementor-field elementor-size-md  elementor-field-textual\" placeholder=\"Ihre Telefonnummer\" required=\"required\" pattern=\"[0-9()#&amp;+*-=.]+\" title=\"Nur Nummern oder Telefon-Zeichen (#, -, *, etc) werden akzeptiert.\">\n\n\t\t\t\t\t\t<\/div>\n\t\t\t\t\t\t\t\t<div class=\"elementor-field-type-textarea elementor-field-group elementor-column elementor-field-group-Nachricht elementor-col-100\">\n\t\t\t\t\t\t\t\t\t\t\t\t<label for=\"form-field-Nachricht\" class=\"elementor-field-label elementor-screen-only\">\n\t\t\t\t\t\t\t\tNachricht\t\t\t\t\t\t\t<\/label>\n\t\t\t\t\t\t<textarea class=\"elementor-field-textual elementor-field  elementor-size-md\" name=\"form_fields[Nachricht]\" id=\"form-field-Nachricht\" rows=\"4\" placeholder=\"Ihre Nachricht an uns\"><\/textarea>\t\t\t\t<\/div>\n\t\t\t\t\t\t\t\t<div class=\"elementor-field-type-checkbox elementor-field-group elementor-column elementor-field-group-Auswahl elementor-col-100\">\n\t\t\t\t\t\t\t\t\t\t\t\t<label for=\"form-field-Auswahl\" class=\"elementor-field-label elementor-screen-only\">\n\t\t\t\t\t\t\t\tTyp Ihres Events\t\t\t\t\t\t\t<\/label>\n\t\t\t\t\t\t<div class=\"elementor-field-subgroup  elementor-subgroup-inline\"><span class=\"elementor-field-option\"><input type=\"checkbox\" value=\"Hochzeit &amp; Heirat\" id=\"form-field-Auswahl-0\" name=\"form_fields[Auswahl][]\"> <label for=\"form-field-Auswahl-0\">Hochzeit & Heirat<\/label><\/span><span class=\"elementor-field-option\"><input type=\"checkbox\" value=\"Familienfeier\" id=\"form-field-Auswahl-1\" name=\"form_fields[Auswahl][]\"> <label for=\"form-field-Auswahl-1\">Familienfeier<\/label><\/span><span class=\"elementor-field-option\"><input type=\"checkbox\" value=\"Galadinner\" id=\"form-field-Auswahl-2\" name=\"form_fields[Auswahl][]\"> <label for=\"form-field-Auswahl-2\">Galadinner<\/label><\/span><span class=\"elementor-field-option\"><input type=\"checkbox\" value=\"Weihnachtsfeier\" id=\"form-field-Auswahl-3\" name=\"form_fields[Auswahl][]\"> <label for=\"form-field-Auswahl-3\">Weihnachtsfeier<\/label><\/span><span class=\"elementor-field-option\"><input type=\"checkbox\" value=\"Pressekonferenz\" id=\"form-field-Auswahl-4\" name=\"form_fields[Auswahl][]\"> <label for=\"form-field-Auswahl-4\">Pressekonferenz<\/label><\/span><span class=\"elementor-field-option\"><input type=\"checkbox\" value=\"Fotoshooting &amp; Dreh\" id=\"form-field-Auswahl-5\" name=\"form_fields[Auswahl][]\"> <label for=\"form-field-Auswahl-5\">Fotoshooting & Dreh<\/label><\/span><span class=\"elementor-field-option\"><input type=\"checkbox\" value=\"Produktpr\u00e4sentation\" id=\"form-field-Auswahl-6\" name=\"form_fields[Auswahl][]\"> <label for=\"form-field-Auswahl-6\">Produktpr\u00e4sentation<\/label><\/span><span class=\"elementor-field-option\"><input type=\"checkbox\" value=\"Sommerfest\" id=\"form-field-Auswahl-7\" name=\"form_fields[Auswahl][]\"> <label for=\"form-field-Auswahl-7\">Sommerfest<\/label><\/span><span class=\"elementor-field-option\"><input type=\"checkbox\" value=\"anderes\" id=\"form-field-Auswahl-8\" name=\"form_fields[Auswahl][]\"> <label for=\"form-field-Auswahl-8\">anderes<\/label><\/span><\/div>\t\t\t\t<\/div>\n\t\t\t\t\t\t\t\t<div class=\"elementor-field-type-text\">\n\t\t\t\t\t<input size=\"1\" type=\"text\" name=\"form_fields[SpamFalle]\" id=\"form-field-SpamFalle\" class=\"elementor-field elementor-size-md \" style=\"display:none !important;\">\t\t\t\t<\/div>\n\t\t\t\t\t\t\t\t<div class=\"elementor-field-group elementor-column elementor-field-type-submit elementor-col-100 e-form__buttons\">\n\t\t\t\t\t<button class=\"elementor-button elementor-size-md\" type=\"submit\">\n\t\t\t\t\t\t<span class=\"elementor-button-content-wrapper\">\n\t\t\t\t\t\t\t\t\t\t\t\t\t\t\t\t\t\t\t\t\t\t<span class=\"elementor-button-text\">unverbindlich anfragen<\/span>\n\t\t\t\t\t\t\t\t\t\t\t\t\t<\/span>\n\t\t\t\t\t<\/button>\n\t\t\t\t<\/div>\n\t\t\t<\/div>\n\t\t<\/form>\n\t\t\t\t\t\t<\/div>\n\t\t\t\t<\/div>\n\t\t\t\t<div class=\"elementor-element elementor-element-ea03de2 elementor-widget elementor-widget-heading\" data-id=\"ea03de2\" data-element_type=\"widget\" data-e-type=\"widget\" data-widget_type=\"heading.default\">\n\t\t\t\t<div class=\"elementor-widget-container\">\n\t\t\t\t\t<h2 class=\"elementor-heading-title elementor-size-default\">Kontakt<\/h2>\t\t\t\t<\/div>\n\t\t\t\t<\/div>\n\t\t\t\t\t<\/div>\n\t\t\t\t<\/div>\n\t\t<div class=\"elementor-element elementor-element-892ebfb e-flex e-con-boxed e-con e-parent\" data-id=\"892ebfb\" data-element_type=\"container\" data-e-type=\"container\" data-settings=\"{&quot;jet_parallax_layout_list&quot;:[]}\">\n\t\t\t\t\t<div class=\"e-con-inner\">\n\t\t\t\t<div class=\"elementor-element elementor-element-8491591 elementor-widget elementor-widget-text-editor\" data-id=\"8491591\" data-element_type=\"widget\" data-e-type=\"widget\" data-widget_type=\"text-editor.default\">\n\t\t\t\t<div class=\"elementor-widget-container\">\n\t\t\t\t\t\t\t\t\t<h4><span style=\"color: #1a1537;\">BESTE LAGE IM HERZEN WIENS<\/span><\/h4><p class=\"\"><span style=\"color: #1a1537;\">BERGGASSE 5 | 1090 WIEN<\/span><\/p><p><span style=\"color: #1a1537;\">Tel: 01 310 5555<\/span><\/p><p>Mail: <span style=\"text-decoration: underline;\"><a href=\"mailto:booking@viennaballhaus.com\">booking@viennaballhaus.com<\/a><\/span><\/p><p><span style=\"color: #1a1537;\">Das <strong>VIENNABallhaus,<\/strong> nebst der Votivkirche im 9. Bezirk und nahe der Ringstrasse, ist nur wenige Gehminuten von der Innenstadt entfernt.<\/span><\/p><p><span style=\"color: #1a1537;\">Auch mit den Wiener Linien bestens erreichbar:<strong><br \/>U2, U4 <\/strong>&#8211; Station Schottentor <\/span><br \/><span style=\"color: #1a1537;\"><strong>Stra\u00dfenbahn<\/strong> 37, 38, 40, 41, oder 42 \u2013 Station Schwarzspanierstra\u00dfe<\/span><\/p><p><span style=\"color: #1a1537;\">Mit dem PKW:<strong><br \/><\/strong><span style=\"text-decoration: underline;\"><a style=\"color: #1a1537; text-decoration: underline;\" href=\"https:\/\/www.bestinparking.com\/de\/at\/garage\/garage-bauernfeldplatz\" target=\"_blank\" rel=\"noopener\"><strong>Garage Bauernfeldplatz<\/strong><\/a><\/span> \u2013 Bauernfeldplatz | 1090 Wien <\/span><br \/><span style=\"color: #1a1537;\"><span style=\"text-decoration: underline;\"><a style=\"color: #1a1537; text-decoration: underline;\" href=\"https:\/\/www.wipark.at\/standorte\/9-bezirk\/votivpark\" target=\"_blank\" rel=\"noopener\"><strong>Votiv-Garage<\/strong><\/a><\/span> \u2013 Universit\u00e4tsstra\u00dfe | 1090 Wien<\/span><\/p>\t\t\t\t\t\t\t\t<\/div>\n\t\t\t\t<\/div>\n\t\t\t\t<div class=\"elementor-element elementor-element-297df08 elementor-widget elementor-widget-google_maps\" data-id=\"297df08\" data-element_type=\"widget\" data-e-type=\"widget\" data-widget_type=\"google_maps.default\">\n\t\t\t\t<div class=\"elementor-widget-container\">\n\t\t\t\t\t\t\t<div class=\"elementor-custom-embed\">\n\t\t\t<iframe loading=\"lazy\"\n\t\t\t\t\tsrc=\"https:\/\/maps.google.com\/maps?q=Vienna%20Ballhaus&#038;t=m&#038;z=13&#038;output=embed&#038;iwloc=near\"\n\t\t\t\t\ttitle=\"Vienna Ballhaus\"\n\t\t\t\t\taria-label=\"Vienna Ballhaus\"\n\t\t\t><\/iframe>\n\t\t<\/div>\n\t\t\t\t\t\t<\/div>\n\t\t\t\t<\/div>\n\t\t\t\t\t<\/div>\n\t\t\t\t<\/div>\n\t\t\t\t<\/div>\n\t\t","protected":false},"excerpt":{"rendered":"<p>unverbindliche Anfrage Von J\u00e4nner bis April gibt es f\u00fcr alle Firmen-Events, Fotoshootings, Pressekonferenzen, Familienfeste, Hochzeiten und Geburtstagsfeiern 40% Erm\u00e4ssigung (ab 4h) auf die Saalmiete! Kontakt BESTE LAGE IM HERZEN WIENS BERGGASSE 5 | 1090 WIEN Tel: 01 310 5555 Mail: booking@viennaballhaus.com Das VIENNABallhaus, nebst der Votivkirche im 9. Bezirk und nahe der Ringstrasse, ist nur [&hellip;]<\/p>\n","protected":false},"author":2,"featured_media":0,"parent":0,"menu_order":0,"comment_status":"closed","ping_status":"closed","template":"","meta":{"footnotes":""},"class_list":["post-870","page","type-page","status-publish","hentry"],"_links":{"self":[{"href":"https:\/\/viennaballhaus.com\/en\/wp-json\/wp\/v2\/pages\/870","targetHints":{"allow":["GET"]}}],"collection":[{"href":"https:\/\/viennaballhaus.com\/en\/wp-json\/wp\/v2\/pages"}],"about":[{"href":"https:\/\/viennaballhaus.com\/en\/wp-json\/wp\/v2\/types\/page"}],"author":[{"embeddable":true,"href":"https:\/\/viennaballhaus.com\/en\/wp-json\/wp\/v2\/users\/2"}],"replies":[{"embeddable":true,"href":"https:\/\/viennaballhaus.com\/en\/wp-json\/wp\/v2\/comments?post=870"}],"version-history":[{"count":184,"href":"https:\/\/viennaballhaus.com\/en\/wp-json\/wp\/v2\/pages\/870\/revisions"}],"predecessor-version":[{"id":6706,"href":"https:\/\/viennaballhaus.com\/en\/wp-json\/wp\/v2\/pages\/870\/revisions\/6706"}],"wp:attachment":[{"href":"https:\/\/viennaballhaus.com\/en\/wp-json\/wp\/v2\/media?parent=870"}],"curies":[{"name":"wp","href":"https:\/\/api.w.org\/{rel}","templated":true}]}}