{"id":912,"date":"2024-01-23T09:09:25","date_gmt":"2024-01-23T09:09:25","guid":{"rendered":"https:\/\/viennaballhaus.com\/?page_id=912"},"modified":"2025-07-01T08:58:00","modified_gmt":"2025-07-01T08:58:00","slug":"imprint","status":"publish","type":"page","link":"https:\/\/viennaballhaus.com\/en\/impressum\/","title":{"rendered":"Imprint"},"content":{"rendered":"<div data-elementor-type=\"wp-page\" data-elementor-id=\"912\" class=\"elementor elementor-912\" data-elementor-post-type=\"page\">\n\t\t\t\t<div class=\"elementor-element elementor-element-51069d61 e-flex e-con-boxed e-con e-parent\" data-id=\"51069d61\" data-element_type=\"container\" data-e-type=\"container\" data-settings=\"{&quot;background_background&quot;:&quot;classic&quot;,&quot;jet_parallax_layout_list&quot;:[]}\">\n\t\t\t\t\t<div class=\"e-con-inner\">\n\t\t<div class=\"elementor-element elementor-element-6f94b173 e-con-full e-flex e-con e-child\" data-id=\"6f94b173\" data-element_type=\"container\" data-e-type=\"container\" data-settings=\"{&quot;jet_parallax_layout_list&quot;:[]}\">\n\t\t\t\t<div class=\"elementor-element elementor-element-e28d552 elementor-widget elementor-widget-text-editor\" data-id=\"e28d552\" data-element_type=\"widget\" data-e-type=\"widget\" data-widget_type=\"text-editor.default\">\n\t\t\t\t<div class=\"elementor-widget-container\">\n\t\t\t\t\t\t\t\t\t<div class=\"Site-inner\"><div id=\"yui_3_17_2_1_1706000134304_80\" class=\"Content-outer\"><section class=\"Main-content\" data-content-field=\"main-content\"><div id=\"page-5c6d5485e4966be40d43abe7\" class=\"sqs-layout sqs-grid-12 columns-12\" data-type=\"page\" data-updated-on=\"1550848068140\"><div class=\"row sqs-row\"><div class=\"col sqs-col-4 span-4\"><div id=\"block-1238bf1d2f207ea12f03\" class=\"sqs-block html-block sqs-block-html\" data-block-type=\"2\"><div class=\"sqs-block-content\"><div class=\"sqs-html-content\"><h2>IMPRINT<\/h2><p>DISCLOSURE ACCORDING TO \u00a725 MEDIA LAW<\/p><p data-rte-preserve-empty=\"true\">\u00a0<\/p><\/div><\/div><\/div><\/div><div class=\"col sqs-col-8 span-8\"><div id=\"block-e0eea993fa2ab1f690b0\" class=\"sqs-block html-block sqs-block-html\" data-block-type=\"2\"><div class=\"sqs-block-content\"><div class=\"sqs-html-content\"><p>MEDIA OWNER AND PUBLISHER<\/p><p>Bold, Frame &amp; Ballhaus GmbH<br \/>Berggasse 5<br \/>1090 VIENNA<br \/>T: +43 01 310 5555<br \/>ATU 69424438<br \/>FN 430015 a<br \/>ATEOS1000069651<br \/>Raiffeisenlandesbank Lower Austria-Vienna<br \/>IBAN AT40 3200 0000 1210 0210<\/p><p>Managing Partner:<br \/>Hannah Neunteufel<br \/><span style=\"text-decoration: underline;\"><span style=\"color: #ffffff;\"><a style=\"color: #ffffff; text-decoration: underline;\" href=\"mailto:thisis@viennabold.com\">thisis@viennabold.com<\/a><\/span><\/span><br \/>T: +43 6991 3585799\u00a0<\/p><p><strong>Photo credits:<\/strong><br \/>Sophia Auly<br \/>J\u00fcrgen Hammerschmid<br \/><span style=\"color: #ffffff;\"><a style=\"color: #ffffff;\" href=\"https:\/\/hannahs.at\" target=\"_blank\" rel=\"noopener\">Hannah's plan<\/a><\/span><br \/>Isabella Hewlett<br \/>Markus Morianz<br \/>Christine Miess<br \/>Woman Magazine<br \/><span style=\"color: #ffffff;\"><a style=\"color: #ffffff;\" href=\"https:\/\/www.linse2.at\/\" target=\"_blank\" rel=\"noopener\">Lens2<\/a><\/span><\/p><p>All information on this website is protected by copyright and disclaimer \u00a9 VIENNABOLD Legal information VIENNABOLD operates this website purely for self-promotional purposes and to improve public access to information on areas of activity, projects and initiatives. VIENNABOLD accepts no liability for the content of the information on this or other websites. Despite our endeavours, we cannot guarantee that this information is up-to-date and correct. If errors and mistakes become known, they will be corrected as soon as possible. Reproduction (including by electronic means) of this website or parts thereof and its dissemination are permitted, provided that no payment or other consideration is demanded for the reproduction itself or for the dissemination. The provision of website content on other websites is not permitted. We would like to point out that legal action cannot be ruled out in the event of a breach of copyright or the rights of third parties.<\/p><p>All content may only be used for information purposes and not for commercial or political purposes. The source must be acknowledged on every copy of a contribution or parts thereof. Commercial reproduction or publication of the contents of this site without prior authorisation is prohibited. If you have any questions, please contact us.<\/p><\/div><\/div><\/div><\/div><\/div><\/div><\/section><\/div><\/div><footer class=\"Footer\" role=\"contentinfo\" data-controller=\"FooterBreakpoints\" data-controllers-bound=\"FooterBreakpoints\"><div class=\"Footer-inner clear\"><div id=\"footerBlocksTop\" class=\"sqs-layout sqs-grid-12 columns-12 Footer-blocks Footer-blocks--top sqs-alternate-block-style-container\" data-layout-label=\"Obere Footer-Bl\u00f6cke\" data-type=\"block-field\" data-updated-on=\"1701793332129\"><div class=\"row sqs-row\"><div class=\"col sqs-col-12 span-12\"><div id=\"block-yui_3_17_2_1_1559029954325_80917\" class=\"sqs-block horizontalrule-block sqs-block-horizontalrule\" data-block-type=\"47\">\u00a0<\/div><\/div><\/div><\/div><\/div><\/footer>\t\t\t\t\t\t\t\t<\/div>\n\t\t\t\t<\/div>\n\t\t\t\t<\/div>\n\t\t\t\t\t<\/div>\n\t\t\t\t<\/div>\n\t\t\t\t<\/div>","protected":false},"excerpt":{"rendered":"<p>IMPRESSUM OFFENLEGUNG NACH \u00a725 MEDIENGESETZ \u00a0 MEDIENINHABER UND HERAUSGEBER Bold, Frame &amp; Ballhaus GmbHBerggasse 51090 VIENNAT: +43 01 310 5555ATU 69424438FN 430015 aATEOS1000069651Raiffeisenlandesbank Nieder\u00f6sterreich-WienIBAN AT40 3200 0000 1210 0210 Gesch\u00e4ftsf\u00fchrender Gesellschafter:Hannah Neunteufelthisis@viennabold.comT: +43 6991 3585799\u00a0 Foto-Credits:Sophia AulyJ\u00fcrgen HammerschmidHannahs PlanIsabella HewlettMarkus MorianzChristine MiessWoman MagazinLinse2 F\u00fcr alle Angaben auf dieser Website besteht Urheberrechtsschutz und Haftungsausschluss \u00a9 VIENNABOLD [&hellip;]<\/p>\n","protected":false},"author":2,"featured_media":0,"parent":0,"menu_order":0,"comment_status":"closed","ping_status":"closed","template":"elementor_header_footer","meta":{"footnotes":""},"class_list":["post-912","page","type-page","status-publish","hentry"],"_links":{"self":[{"href":"https:\/\/viennaballhaus.com\/en\/wp-json\/wp\/v2\/pages\/912","targetHints":{"allow":["GET"]}}],"collection":[{"href":"https:\/\/viennaballhaus.com\/en\/wp-json\/wp\/v2\/pages"}],"about":[{"href":"https:\/\/viennaballhaus.com\/en\/wp-json\/wp\/v2\/types\/page"}],"author":[{"embeddable":true,"href":"https:\/\/viennaballhaus.com\/en\/wp-json\/wp\/v2\/users\/2"}],"replies":[{"embeddable":true,"href":"https:\/\/viennaballhaus.com\/en\/wp-json\/wp\/v2\/comments?post=912"}],"version-history":[{"count":13,"href":"https:\/\/viennaballhaus.com\/en\/wp-json\/wp\/v2\/pages\/912\/revisions"}],"predecessor-version":[{"id":5941,"href":"https:\/\/viennaballhaus.com\/en\/wp-json\/wp\/v2\/pages\/912\/revisions\/5941"}],"wp:attachment":[{"href":"https:\/\/viennaballhaus.com\/en\/wp-json\/wp\/v2\/media?parent=912"}],"curies":[{"name":"wp","href":"https:\/\/api.w.org\/{rel}","templated":true}]}}